{"id":26,"date":"2020-03-07T09:15:58","date_gmt":"2020-03-07T09:15:58","guid":{"rendered":"http:\/\/themezinho.net\/?page_id=26"},"modified":"2021-07-27T23:42:29","modified_gmt":"2021-07-27T23:42:29","slug":"contact","status":"publish","type":"page","link":"https:\/\/gururojo.com\/index.php\/contact\/","title":{"rendered":"Contacto"},"content":{"rendered":"<p>[vc_row use_container=&#8221;yes&#8221;][vc_column][ts_section_title title=&#8221;\u00bfQU\u00c9 NOS INTERESA? TODO DE TI&#8221; tagline=&#8221;Queremos escuchar tu voz, conocer tus ideas, hacer tus sue\u00f1os una realidad. No seas t\u00edmido y cont\u00e1ctanos ahora, nosotros no te dejaremos en visto. &#8220;][vc_row_inner css=&#8221;.vc_custom_1583660148344{margin-top: 75px !important;margin-bottom: 50px !important;}&#8221;][vc_column_inner width=&#8221;1\/3&#8243;][ts_contact_block]<\/p>\n<h6>TEMPLO GUR\u00da<\/h6>\n<p>Tarango 104, Las \u00c1guilas.<br \/>\n\u00c1lvaro Obreg\u00f3n, CDMX.[\/ts_contact_block][\/vc_column_inner][vc_column_inner width=&#8221;1\/3&#8243;][ts_contact_block]<\/p>\n<h6>L\u00cdNEA GUR\u00da<\/h6>\n<p><a href=\"https:\/\/api.whatsapp.com\/send?phone=+5215539136662&amp;text=Hola,%20me%20gustar%C3%ADa%20conocer%20m%C3%A1s%20sobre...\">+52 55 39 13 66 62<\/a>[\/ts_contact_block][\/vc_column_inner][vc_column_inner width=&#8221;1\/3&#8243;][ts_contact_block]<\/p>\n<h6>CONTACTO GUR\u00da<\/h6>\n<p><a href=\"mailto:info@gururojo.com\">info@gururojo.com<\/a>[\/ts_contact_block][\/vc_column_inner][\/vc_row_inner][vc_row_inner content_placement=&#8221;middle&#8221;][vc_column_inner width=&#8221;7\/12&#8243;][ts_google_map iframe_url=&#8221;https:\/\/www.google.com\/maps\/embed?pb=!1m18!1m12!1m3!1d3764.2514861531313!2d-99.21679098468425!3d19.35826044806878!2m3!1f0!2f0!3f0!3m2!1i1024!2i768!4f13.1!3m3!1m2!1s0x85d2033eb8d1c565%3A0xb093b6525f2e4882!2zR3Vyw7pSb2pv!5e0!3m2!1ses!2smx!4v1627254965473!5m2!1ses!2smx&#8221;][\/vc_column_inner][vc_column_inner width=&#8221;5\/12&#8243;]<div role=\"form\" class=\"wpcf7\" id=\"wpcf7-f297-o1\" lang=\"en-US\" dir=\"ltr\">\n<div class=\"screen-reader-response\"><p role=\"status\" aria-live=\"polite\" aria-atomic=\"true\"><\/p> <ul><\/ul><\/div>\n<form action=\"\/index.php\/wp-json\/wp\/v2\/pages\/26#wpcf7-f297-o1\" method=\"post\" class=\"wpcf7-form init\" novalidate=\"novalidate\" data-status=\"init\">\n<div style=\"display: none;\">\n<input type=\"hidden\" name=\"_wpcf7\" value=\"297\" \/>\n<input type=\"hidden\" name=\"_wpcf7_version\" value=\"5.4.2\" \/>\n<input type=\"hidden\" name=\"_wpcf7_locale\" value=\"en_US\" \/>\n<input type=\"hidden\" name=\"_wpcf7_unit_tag\" value=\"wpcf7-f297-o1\" \/>\n<input type=\"hidden\" name=\"_wpcf7_container_post\" value=\"0\" \/>\n<input type=\"hidden\" name=\"_wpcf7_posted_data_hash\" value=\"\" \/>\n<\/div>\n<p><label> Tu Nombre (requerido)<br \/>\n    <span class=\"wpcf7-form-control-wrap your-name\"><input type=\"text\" name=\"your-name\" value=\"\" size=\"40\" class=\"wpcf7-form-control wpcf7-text wpcf7-validates-as-required\" aria-required=\"true\" aria-invalid=\"false\" \/><\/span> <\/label><\/p>\n<p><label> Tu E-Mail (requerido)<br \/>\n    <span class=\"wpcf7-form-control-wrap your-email\"><input type=\"email\" name=\"your-email\" value=\"\" size=\"40\" class=\"wpcf7-form-control wpcf7-text wpcf7-email wpcf7-validates-as-required wpcf7-validates-as-email\" aria-required=\"true\" aria-invalid=\"false\" \/><\/span> <\/label><\/p>\n<p><label> D\u00e9janos tu mensaje<br \/>\n    <span class=\"wpcf7-form-control-wrap your-message\"><textarea name=\"your-message\" cols=\"40\" rows=\"10\" class=\"wpcf7-form-control wpcf7-textarea\" aria-invalid=\"false\"><\/textarea><\/span> <\/label><\/p>\n<p><input type=\"submit\" value=\"Trabajemos Juntos\" class=\"wpcf7-form-control wpcf7-submit\" \/><\/p>\n<div class=\"wpcf7-response-output\" aria-hidden=\"true\"><\/div><\/form><\/div>[\/vc_column_inner][\/vc_row_inner][\/vc_column][\/vc_row]<\/p>\n","protected":false},"excerpt":{"rendered":"<p>[vc_row use_container=&#8221;yes&#8221;][vc_column][ts_section_title title=&#8221;\u00bfQU\u00c9 NOS INTERESA? TODO DE TI&#8221; tagline=&#8221;Queremos escuchar tu voz, conocer tus ideas, hacer tus sue\u00f1os una realidad. No seas t\u00edmido y cont\u00e1ctanos ahora, nosotros no te dejaremos en visto. &#8220;][vc_row_inner css=&#8221;.vc_custom_1583660148344{margin-top: 75px !important;margin-bottom: 50px !important;}&#8221;][vc_column_inner width=&#8221;1\/3&#8243;][ts_contact_block] TEMPLO GUR\u00da Tarango 104, Las \u00c1guilas. \u00c1lvaro Obreg\u00f3n, CDMX.[\/ts_contact_block][\/vc_column_inner][vc_column_inner width=&#8221;1\/3&#8243;][ts_contact_block] L\u00cdNEA GUR\u00da +52 55 39 13 [&hellip;]<\/p>\n","protected":false},"author":1,"featured_media":0,"parent":0,"menu_order":0,"comment_status":"closed","ping_status":"closed","template":"page-builder.php","meta":{"footnotes":""},"class_list":["post-26","page","type-page","status-publish","hentry"],"_links":{"self":[{"href":"https:\/\/gururojo.com\/index.php\/wp-json\/wp\/v2\/pages\/26","targetHints":{"allow":["GET"]}}],"collection":[{"href":"https:\/\/gururojo.com\/index.php\/wp-json\/wp\/v2\/pages"}],"about":[{"href":"https:\/\/gururojo.com\/index.php\/wp-json\/wp\/v2\/types\/page"}],"author":[{"embeddable":true,"href":"https:\/\/gururojo.com\/index.php\/wp-json\/wp\/v2\/users\/1"}],"replies":[{"embeddable":true,"href":"https:\/\/gururojo.com\/index.php\/wp-json\/wp\/v2\/comments?post=26"}],"version-history":[{"count":19,"href":"https:\/\/gururojo.com\/index.php\/wp-json\/wp\/v2\/pages\/26\/revisions"}],"predecessor-version":[{"id":467,"href":"https:\/\/gururojo.com\/index.php\/wp-json\/wp\/v2\/pages\/26\/revisions\/467"}],"wp:attachment":[{"href":"https:\/\/gururojo.com\/index.php\/wp-json\/wp\/v2\/media?parent=26"}],"curies":[{"name":"wp","href":"https:\/\/api.w.org\/{rel}","templated":true}]}}