{"id":19,"date":"2020-03-07T09:14:50","date_gmt":"2020-03-07T09:14:50","guid":{"rendered":"http:\/\/themezinho.net\/?page_id=19"},"modified":"2021-07-28T04:07:22","modified_gmt":"2021-07-28T04:07:22","slug":"nosotros","status":"publish","type":"page","link":"https:\/\/gururojo.com\/index.php\/nosotros\/","title":{"rendered":"Nosotros"},"content":{"rendered":"<p>[vc_row use_container=&#8221;yes&#8221;][vc_column][vc_row_inner css=&#8221;.vc_custom_1583659272991{margin-bottom: 75px !important;}&#8221;][vc_column_inner width=&#8221;3\/4&#8243;][ts_section_title title=&#8221;TU \u00c9XITO ES NUESTRA PASI\u00d3N&#8221; tagline=&#8221;Es momento que pienses en tu negocio, pero m\u00e1s grande. Nosotros te ayudamos<br \/>\nde manera digital, explotando tus fortalezas para volver tu negocio m\u00e1s seductor.&#8221;][\/vc_column_inner][\/vc_row_inner][vc_row_inner css=&#8221;.vc_custom_1583660011361{margin-bottom: 100px !important;}&#8221;][vc_column_inner width=&#8221;1\/5&#8243;][ts_process_content index=&#8221;01&#8243; title=&#8221;DIFERENCIAR&#8221; description=&#8221;Generamos ventaja sobre tu competencia, aprovechando tus fortalezas.&#8221;][\/vc_column_inner][vc_column_inner width=&#8221;1\/5&#8243;][ts_process_content index=&#8221;02&#8243; title=&#8221;EVOLUCIONAR&#8221; description=&#8221;Tu negocio es el protagonista que necesita la internet.&#8221;][\/vc_column_inner][vc_column_inner width=&#8221;1\/5&#8243;][ts_process_content index=&#8221;03&#8243; title=&#8221;CONSTRUIR&#8221; description=&#8221;Dise\u00f1amos una estrategia a la medida de tu negocio.&#8221;][\/vc_column_inner][vc_column_inner width=&#8221;1\/5&#8243;][ts_process_content index=&#8221;04&#8243; title=&#8221;EJECUTAR&#8221; description=&#8221;\u00a1Prep\u00e1rate! Internet funciona 400% m\u00e1s r\u00e1pido que los m\u00e9todos tradicionales.&#8221;][\/vc_column_inner][vc_column_inner width=&#8221;1\/5&#8243;][ts_process_content index=&#8221;05&#8243; title=&#8221;ATRAER&#8221; description=&#8221;Ya eres un seductor, pero nuestro trabajo apenas comienza.&#8221;][\/vc_column_inner][\/vc_row_inner][\/vc_column][\/vc_row][vc_row section_background_color=&#8221;#222327&#8243; motts_theme_padding=&#8221;no&#8221; use_container=&#8221;yes&#8221; el_class=&#8221;office-slider-block&#8221;][vc_column css=&#8221;.vc_custom_1607671837186{margin-top: -100px !important;}&#8221;][ts_image_slider details=&#8221;%5B%7B%22image%22%3A%22468%22%2C%22title%22%3A%22DNRO%20-%20PORTAL%20WEB%22%7D%2C%7B%22image%22%3A%22469%22%2C%22title%22%3A%22ADDIRE%20-%20LANDING%20PAGE%22%7D%2C%7B%22image%22%3A%22470%22%2C%22title%22%3A%22REGEN%C3%93LEO%20-%20TIENDA%20EN%20L%C3%8DNEA%22%7D%5D&#8221;][\/vc_column][\/vc_row][vc_row section_background_color=&#8221;#222327&#8243; use_container=&#8221;yes&#8221; css=&#8221;.vc_custom_1627420809178{padding-right: 0px !important;padding-left: 0px !important;}&#8221;][vc_column width=&#8221;1\/4&#8243; offset=&#8221;vc_col-xs-6&#8243;][ts_milestones value=&#8221;15&#8243; tagline=&#8221;A\u00f1os&#8221; title=&#8221;DE EXPERIENCIA&#8221;][\/vc_column][vc_column width=&#8221;1\/4&#8243;][ts_milestones value=&#8221;100&#8243; tagline=&#8221;Desarrollos&#8221; title=&#8221;WEB&#8221;][\/vc_column][vc_column width=&#8221;1\/4&#8243;][ts_milestones value=&#8221;50&#8243; tagline=&#8221;Redes Sociales&#8221; title=&#8221;EN GESTI\u00d3N&#8221;][\/vc_column][vc_column width=&#8221;1\/4&#8243;][ts_milestones value=&#8221;132&#8243; tagline=&#8221;Clientes&#8221; title=&#8221;ACTIVOS&#8221;][\/vc_column][\/vc_row][vc_row section_background_color=&#8221;#222327&#8243; motts_theme_padding=&#8221;no&#8221; use_container=&#8221;yes&#8221; el_class=&#8221;icon-block-section&#8221; css=&#8221;.vc_custom_1607671788578{padding-bottom: 150px !important;}&#8221;][vc_column][ts_section_title title_color=&#8221;yes&#8221; title=&#8221;LO QUE LE HACE<br \/>\nFALTA A TU NEGOCIO&#8221; title_align=&#8221;text-center&#8221; tagline=&#8221;TOP DE SERVICIOS&#8221;][vc_row_inner css=&#8221;.vc_custom_1583658620539{margin-top: 75px !important;padding-right: 15% !important;padding-left: 15% !important;}&#8221;][vc_column_inner width=&#8221;1\/3&#8243;][ts_icon_content_block index=&#8221;P\u00c1GINA WEB&#8221; icon=&#8221;226&#8243;]<\/p>\n<ul>\n<li><span class=\"word\" data-word=\"E-Commerce\"><span class=\"char\" data-char=\"E\">E<\/span><span class=\"char\" data-char=\"-\">&#8211;<\/span><span class=\"char\" data-char=\"C\">C<\/span><span class=\"char\" data-char=\"o\">o<\/span><span class=\"char\" data-char=\"m\">m<\/span><span class=\"char\" data-char=\"m\">m<\/span><span class=\"char\" data-char=\"e\">e<\/span><span class=\"char\" data-char=\"r\">r<\/span><span class=\"char\" data-char=\"c\">c<\/span><span class=\"char\" data-char=\"e\">e<\/span><\/span><\/li>\n<li><span class=\"word\" data-word=\"Portafolios\"><span class=\"char\" data-char=\"P\">P<\/span><span class=\"char\" data-char=\"o\">o<\/span><span class=\"char\" data-char=\"r\">r<\/span><span class=\"char\" data-char=\"t\">t<\/span><span class=\"char\" data-char=\"a\">a<\/span><span class=\"char\" data-char=\"f\">f<\/span><span class=\"char\" data-char=\"o\">o<\/span><span class=\"char\" data-char=\"l\">l<\/span><span class=\"char\" data-char=\"i\">i<\/span><span class=\"char\" data-char=\"o\">o<\/span><span class=\"char\" data-char=\"s\">s<\/span><\/span><\/li>\n<li><span class=\"word\" data-word=\"Landing\"><span class=\"char\" data-char=\"L\">L<\/span><span class=\"char\" data-char=\"a\">a<\/span><span class=\"char\" data-char=\"n\">n<\/span><span class=\"char\" data-char=\"d\">d<\/span><span class=\"char\" data-char=\"i\">i<\/span><span class=\"char\" data-char=\"n\">n<\/span><span class=\"char\" data-char=\"g\">g<\/span><\/span><span class=\"whitespace\">\u00a0<\/span><span class=\"word\" data-word=\"Pages\"><span class=\"char\" data-char=\"P\">P<\/span><span class=\"char\" data-char=\"a\">a<\/span><span class=\"char\" data-char=\"g\">g<\/span><span class=\"char\" data-char=\"e\">e<\/span><span class=\"char\" data-char=\"s\">s<\/span><\/span><\/li>\n<li><span class=\"word\" data-word=\"Blogs\"><span class=\"char\" data-char=\"B\">B<\/span><span class=\"char\" data-char=\"l\">l<\/span><span class=\"char\" data-char=\"o\">o<\/span><span class=\"char\" data-char=\"g\">g<\/span><span class=\"char\" data-char=\"s\">s<\/span><\/span><\/li>\n<\/ul>\n<p>[\/ts_icon_content_block][\/vc_column_inner][vc_column_inner width=&#8221;1\/3&#8243;][ts_icon_content_block index=&#8221;GESTI\u00d3N DE REDES SOCIALES&#8221; icon=&#8221;227&#8243; custom_class=&#8221;selected&#8221;]<\/p>\n<ul>\n<li><span class=\"word\" data-word=\"Pautas\"><span class=\"char\" data-char=\"P\">P<\/span><span class=\"char\" data-char=\"a\">a<\/span><span class=\"char\" data-char=\"u\">u<\/span><span class=\"char\" data-char=\"t\">t<\/span><span class=\"char\" data-char=\"a\">a<\/span><span class=\"char\" data-char=\"s\">s<\/span><\/span><span class=\"whitespace\">\u00a0<\/span><span class=\"word\" data-word=\"Publicitarias\"><span class=\"char\" data-char=\"P\">P<\/span><span class=\"char\" data-char=\"u\">u<\/span><span class=\"char\" data-char=\"b\">b<\/span><span class=\"char\" data-char=\"l\">l<\/span><span class=\"char\" data-char=\"i\">i<\/span><span class=\"char\" data-char=\"c\">c<\/span><span class=\"char\" data-char=\"i\">i<\/span><span class=\"char\" data-char=\"t\">t<\/span><span class=\"char\" data-char=\"a\">a<\/span><span class=\"char\" data-char=\"r\">r<\/span><span class=\"char\" data-char=\"i\">i<\/span><span class=\"char\" data-char=\"a\">a<\/span><span class=\"char\" data-char=\"s\">s<\/span><\/span><\/li>\n<li><span class=\"word\" data-word=\"M\u00e9tricas\"><span class=\"char\" data-char=\"M\">M<\/span><span class=\"char\" data-char=\"\u00e9\">\u00e9<\/span><span class=\"char\" data-char=\"t\">t<\/span><span class=\"char\" data-char=\"r\">r<\/span><span class=\"char\" data-char=\"i\">i<\/span><span class=\"char\" data-char=\"c\">c<\/span><span class=\"char\" data-char=\"a\">a<\/span><span class=\"char\" data-char=\"s\">s<\/span><\/span><span class=\"whitespace\">\u00a0<\/span><span class=\"word\" data-word=\"y\"><span class=\"char\" data-char=\"y\">y<\/span><\/span><span class=\"whitespace\">\u00a0<\/span><span class=\"word\" data-word=\"Anal\u00edticos\"><span class=\"char\" data-char=\"A\">A<\/span><span class=\"char\" data-char=\"n\">n<\/span><span class=\"char\" data-char=\"a\">a<\/span><span class=\"char\" data-char=\"l\">l<\/span><span class=\"char\" data-char=\"\u00ed\">\u00ed<\/span><span class=\"char\" data-char=\"t\">t<\/span><span class=\"char\" data-char=\"i\">i<\/span><span class=\"char\" data-char=\"c\">c<\/span><span class=\"char\" data-char=\"o\">o<\/span><span class=\"char\" data-char=\"s\">s<\/span><\/span><\/li>\n<li><span class=\"word\" data-word=\"Estrategias\"><span class=\"char\" data-char=\"E\">E<\/span><span class=\"char\" data-char=\"s\">s<\/span><span class=\"char\" data-char=\"t\">t<\/span><span class=\"char\" data-char=\"r\">r<\/span><span class=\"char\" data-char=\"a\">a<\/span><span class=\"char\" data-char=\"t\">t<\/span><span class=\"char\" data-char=\"e\">e<\/span><span class=\"char\" data-char=\"g\">g<\/span><span class=\"char\" data-char=\"i\">i<\/span><span class=\"char\" data-char=\"a\">a<\/span><span class=\"char\" data-char=\"s\">s<\/span><\/span><span class=\"whitespace\">\u00a0<\/span><span class=\"word\" data-word=\"Outbound\"><span class=\"char\" data-char=\"O\">O<\/span><span class=\"char\" data-char=\"u\">u<\/span><span class=\"char\" data-char=\"t\">t<\/span><span class=\"char\" data-char=\"b\">b<\/span><span class=\"char\" data-char=\"o\">o<\/span><span class=\"char\" data-char=\"u\">u<\/span><span class=\"char\" data-char=\"n\">n<\/span><span class=\"char\" data-char=\"d\">d<\/span><\/span><\/li>\n<li><span class=\"word\" data-word=\"Community\"><span class=\"char\" data-char=\"C\">C<\/span><span class=\"char\" data-char=\"o\">o<\/span><span class=\"char\" data-char=\"m\">m<\/span><span class=\"char\" data-char=\"m\">m<\/span><span class=\"char\" data-char=\"u\">u<\/span><span class=\"char\" data-char=\"n\">n<\/span><span class=\"char\" data-char=\"i\">i<\/span><span class=\"char\" data-char=\"t\">t<\/span><span class=\"char\" data-char=\"y\">y<\/span><\/span><span class=\"whitespace\">\u00a0<\/span><span class=\"word\" data-word=\"Management\"><span class=\"char\" data-char=\"M\">M<\/span><span class=\"char\" data-char=\"a\">a<\/span><span class=\"char\" data-char=\"n\">n<\/span><span class=\"char\" data-char=\"a\">a<\/span><span class=\"char\" data-char=\"g\">g<\/span><span class=\"char\" data-char=\"e\">e<\/span><span class=\"char\" data-char=\"m\">m<\/span><span class=\"char\" data-char=\"e\">e<\/span><span class=\"char\" data-char=\"n\">n<\/span><span class=\"char\" data-char=\"t\">t<\/span><\/span><\/li>\n<\/ul>\n<p>[\/ts_icon_content_block][\/vc_column_inner][vc_column_inner width=&#8221;1\/3&#8243;][ts_icon_content_block index=&#8221;CONTENIDO CREATIVO&#8221; icon=&#8221;228&#8243;]<\/p>\n<ul>\n<li><span class=\"word\" data-word=\"Identidad\"><span class=\"char\" data-char=\"I\">I<\/span><span class=\"char\" data-char=\"d\">d<\/span><span class=\"char\" data-char=\"e\">e<\/span><span class=\"char\" data-char=\"n\">n<\/span><span class=\"char\" data-char=\"t\">t<\/span><span class=\"char\" data-char=\"i\">i<\/span><span class=\"char\" data-char=\"d\">d<\/span><span class=\"char\" data-char=\"a\">a<\/span><span class=\"char\" data-char=\"d\">d<\/span><\/span><span class=\"whitespace\">\u00a0<\/span><span class=\"word\" data-word=\"Gr\u00e1fica\"><span class=\"char\" data-char=\"G\">G<\/span><span class=\"char\" data-char=\"r\">r<\/span><span class=\"char\" data-char=\"\u00e1\">\u00e1<\/span><span class=\"char\" data-char=\"f\">f<\/span><span class=\"char\" data-char=\"i\">i<\/span><span class=\"char\" data-char=\"c\">c<\/span><span class=\"char\" data-char=\"a\">a<\/span><\/span><\/li>\n<li><span class=\"word\" data-word=\"Marketing\"><span class=\"char\" data-char=\"M\">M<\/span><span class=\"char\" data-char=\"a\">a<\/span><span class=\"char\" data-char=\"r\">r<\/span><span class=\"char\" data-char=\"k\">k<\/span><span class=\"char\" data-char=\"e\">e<\/span><span class=\"char\" data-char=\"t\">t<\/span><span class=\"char\" data-char=\"i\">i<\/span><span class=\"char\" data-char=\"n\">n<\/span><span class=\"char\" data-char=\"g\">g<\/span><\/span><span class=\"whitespace\">\u00a0<\/span><span class=\"word\" data-word=\"de\"><span class=\"char\" data-char=\"d\">d<\/span><span class=\"char\" data-char=\"e\">e<\/span><\/span><span class=\"whitespace\">\u00a0<\/span><span class=\"word\" data-word=\"Contenidos\"><span class=\"char\" data-char=\"C\">C<\/span><span class=\"char\" data-char=\"o\">o<\/span><span class=\"char\" data-char=\"n\">n<\/span><span class=\"char\" data-char=\"t\">t<\/span><span class=\"char\" data-char=\"e\">e<\/span><span class=\"char\" data-char=\"n\">n<\/span><span class=\"char\" data-char=\"i\">i<\/span><span class=\"char\" data-char=\"d\">d<\/span><span class=\"char\" data-char=\"o\">o<\/span><span class=\"char\" data-char=\"s\">s<\/span><\/span><\/li>\n<li><span class=\"word\" data-word=\"Contenido\"><span class=\"char\" data-char=\"C\">C<\/span><span class=\"char\" data-char=\"o\">o<\/span><span class=\"char\" data-char=\"n\">n<\/span><span class=\"char\" data-char=\"t\">t<\/span><span class=\"char\" data-char=\"e\">e<\/span><span class=\"char\" data-char=\"n\">n<\/span><span class=\"char\" data-char=\"i\">i<\/span><span class=\"char\" data-char=\"d\">d<\/span><span class=\"char\" data-char=\"o\">o<\/span><\/span><span class=\"whitespace\">\u00a0<\/span><span class=\"word\" data-word=\"Org\u00e1nico\"><span class=\"char\" data-char=\"O\">O<\/span><span class=\"char\" data-char=\"r\">r<\/span><span class=\"char\" data-char=\"g\">g<\/span><span class=\"char\" data-char=\"\u00e1\">\u00e1<\/span><span class=\"char\" data-char=\"n\">n<\/span><span class=\"char\" data-char=\"i\">i<\/span><span class=\"char\" data-char=\"c\">c<\/span><span class=\"char\" data-char=\"o\">o<\/span><\/span><\/li>\n<li><span class=\"word\" data-word=\"Networking\"><span class=\"char\" data-char=\"N\">N<\/span><span class=\"char\" data-char=\"e\">e<\/span><span class=\"char\" data-char=\"t\">t<\/span><span class=\"char\" data-char=\"w\">w<\/span><span class=\"char\" data-char=\"o\">o<\/span><span class=\"char\" data-char=\"r\">r<\/span><span class=\"char\" data-char=\"k\">k<\/span><span class=\"char\" data-char=\"i\">i<\/span><span class=\"char\" data-char=\"n\">n<\/span><span class=\"char\" data-char=\"g\">g<\/span><\/span><span class=\"whitespace\">\u00a0<\/span><span class=\"word\" data-word=\"(Influencers)\"><span class=\"char\" data-char=\"(\">(<\/span><span class=\"char\" data-char=\"I\">I<\/span><span class=\"char\" data-char=\"n\">n<\/span><span class=\"char\" data-char=\"f\">f<\/span><span class=\"char\" data-char=\"l\">l<\/span><span class=\"char\" data-char=\"u\">u<\/span><span class=\"char\" data-char=\"e\">e<\/span><span class=\"char\" data-char=\"n\">n<\/span><span class=\"char\" data-char=\"c\">c<\/span><span class=\"char\" data-char=\"e\">e<\/span><span class=\"char\" data-char=\"r\">r<\/span><span class=\"char\" data-char=\"s\">s)<\/span><\/span><\/li>\n<\/ul>\n<p>[\/ts_icon_content_block][\/vc_column_inner][\/vc_row_inner][\/vc_column][\/vc_row][vc_row content_placement=&#8221;middle&#8221; section_background_color=&#8221;#161619&#8243; motts_theme_padding=&#8221;no&#8221; use_container=&#8221;yes&#8221; el_class=&#8221;testimonials-flex&#8221;][vc_column width=&#8221;6\/12&#8243;][ts_section_title title_color=&#8221;yes&#8221; title=&#8221;HERMOSAS PALABRAS DE NUESTROS SOCIOS&#8221; tagline=&#8221;Adoptamos tu marca.&#8221;][\/vc_column][vc_column width=&#8221;5\/12&#8243; css=&#8221;.vc_custom_1627420738907{margin-top: 0px !important;}&#8221; offset=&#8221;vc_col-xs-12&#8243;][ts_testimonials details=&#8221;%5B%7B%22image%22%3A%22415%22%2C%22review%22%3A%22We%20work%20closely%20with%20your%20development%20team.%20markettting%20profissionals%20and%20stakeholder%20to%20design%20and%20develop%20UX%20and%20UI%20that%20make%20your%20website.%20application%20or%20software%20a%20joy%20to%20use%20%22%2C%22name%22%3A%22Mario%20Alfaro%22%2C%22company%22%3A%22Regenoleo%20-%20By%20Alfatek%22%7D%2C%7B%22image%22%3A%2291%22%2C%22review%22%3A%22A%20team%20of%20researchers%20has%20developed%20a%20flexible%2C%20rechargeable%20silver%20oxide-zinc%20battery%20with%20a%20five%20to%2010%20times%20greater%20areal%20energy%20density%20than%20state%20of%20the%20art.%20The%20battery%20also%20is%20easier.%22%2C%22name%22%3A%22Jack%20Stalker%22%2C%22company%22%3A%22AXE%20STEAQUE%20HOUSE%22%7D%2C%7B%22image%22%3A%2291%22%2C%22review%22%3A%22The%20device%20can%20be%20used%20in%20flexible%2C%20stretchable%20electronics%20for%20wearables%20as%20well%20as%20soft%20robotics.%20This%20one%20can%20be%20screen%20printed%20in%20normal%20lab%20conditions.%20%22%2C%22name%22%3A%22Danny%20Mc&#8217;Namara%22%2C%22company%22%3A%22COTTON%20STORES%22%7D%5D&#8221;][\/vc_column][\/vc_row][vc_row section_background_color=&#8221;#161619&#8243; motts_theme_padding=&#8221;no&#8221; use_container=&#8221;yes&#8221; css=&#8221;.vc_custom_1583612565543{padding-top: 150px !important;}&#8221;][vc_column][vc_row_inner content_placement=&#8221;middle&#8221; css=&#8221;.vc_custom_1583658801308{margin-bottom: 75px !important;}&#8221;][vc_column_inner el_class=&#8221;title-spacing&#8221; width=&#8221;5\/12&#8243;][ts_section_title title_color=&#8221;yes&#8221; title=&#8221;TU PR\u00d3XIMA TRIPULACI\u00d3N&#8221; title_align=&#8221;text-center&#8221;][\/vc_column_inner][vc_column_inner width=&#8221;7\/12&#8243;][ts_text_content_block content_color=&#8221;yes&#8221; font_size=&#8221;20px&#8221;]\u00a1Nos gustar\u00eda navegar contigo!<\/p>\n<p>Nosotros somos los Gur\u00fas que se encargar\u00e1n de llevar al siguiente nivel tu negocio. Somos apasionados, creativos, talentosos y guapos.[\/ts_text_content_block][\/vc_column_inner][\/vc_row_inner][vc_row_inner][vc_column_inner width=&#8221;1\/5&#8243;][ts_team_members member_name=&#8221;Gur\u00fa Shalom&#8221; title=&#8221;GOOGLE EXPERT&#8221; member=&#8221;441&#8243; social_link1=&#8221;#&#8221; social_media1=&#8221;fab fa-facebook-f&#8221; social_link2=&#8221;#&#8221; social_media2=&#8221;fab fa-twitter&#8221; social_link3=&#8221;#&#8221; social_media3=&#8221;fab fa-linkedin&#8221; details=&#8221;%5B%7B%22social_icon%22%3A%22%3Ci%20class%3D%5C%22fab%20fa-facebook-f%5C%22%3E%3C%2Fi%3E%22%2C%22social_url%22%3A%22%23%22%7D%2C%7B%22social_icon%22%3A%22%3Ci%20class%3D%5C%22fab%20fa-behance%5C%22%3E%3C%2Fi%3E%22%2C%22social_url%22%3A%22%23%22%7D%2C%7B%22social_icon%22%3A%22%3Ci%20class%3D%5C%22fab%20fa-github%5C%22%3E%3C%2Fi%3E%22%2C%22social_url%22%3A%22%23%22%7D%5D&#8221;][\/vc_column_inner][vc_column_inner width=&#8221;1\/5&#8243;][ts_team_members member_name=&#8221;Gur\u00fa Itzel&#8221; title=&#8221;COORDINADORA DE MARCAS&#8221; member=&#8221;431&#8243; social_link1=&#8221;#&#8221; social_media1=&#8221;fab fa-facebook-f&#8221; social_link2=&#8221;#&#8221; social_media2=&#8221;fab fa-twitter&#8221; social_link3=&#8221;#&#8221; social_media3=&#8221;fab fa-linkedin&#8221; details=&#8221;%5B%7B%22social_icon%22%3A%22%3Ci%20class%3D%5C%22fab%20fa-linkedin-in%5C%22%3E%3C%2Fi%3E%22%2C%22social_url%22%3A%22%23%22%7D%2C%7B%22social_icon%22%3A%22%3Ci%20class%3D%5C%22fab%20fa-instagram%5C%22%3E%3C%2Fi%3E%22%2C%22social_url%22%3A%22%23%22%7D%5D&#8221;][\/vc_column_inner][vc_column_inner width=&#8221;1\/5&#8243;][ts_team_members member_name=&#8221;Gur\u00fa Alex&#8221; title=&#8221;L\u00cdDER DE PROYECTOS&#8221; member=&#8221;428&#8243; social_link1=&#8221;#&#8221; social_media1=&#8221;fab fa-facebook-f&#8221; social_link2=&#8221;#&#8221; social_media2=&#8221;fab fa-twitter&#8221; social_link3=&#8221;#&#8221; social_media3=&#8221;fab fa-linkedin&#8221; details=&#8221;%5B%7B%22social_icon%22%3A%22%3Ci%20class%3D%5C%22fab%20fa-linkedin-in%5C%22%3E%3C%2Fi%3E%22%2C%22social_url%22%3A%22%23%22%7D%2C%7B%22social_icon%22%3A%22%3Ci%20class%3D%5C%22fab%20fa-twitter%5C%22%3E%3C%2Fi%3E%22%2C%22social_url%22%3A%22%23%22%7D%2C%7B%22social_icon%22%3A%22%3Ci%20class%3D%5C%22fab%20fa-dribbble%5C%22%3E%3C%2Fi%3E%22%2C%22social_url%22%3A%22%23%22%7D%5D&#8221;][\/vc_column_inner][vc_column_inner width=&#8221;1\/5&#8243;][ts_team_members member_name=&#8221;Gur\u00fa Gussy&#8221; title=&#8221;COPYWRITER VETERANO&#8221; member=&#8221;427&#8243; social_link1=&#8221;#&#8221; social_media1=&#8221;fab fa-facebook-f&#8221; social_link2=&#8221;#&#8221; social_media2=&#8221;fab fa-twitter&#8221; social_link3=&#8221;#&#8221; social_media3=&#8221;fab fa-linkedin&#8221; details=&#8221;%5B%7B%22social_icon%22%3A%22%3Ci%20class%3D%5C%22fab%20fa-facebook-f%5C%22%3E%3C%2Fi%3E%22%2C%22social_url%22%3A%22%23%22%7D%2C%7B%22social_icon%22%3A%22%3Ci%20class%3D%5C%22fab%20fa-youtube%5C%22%3E%3C%2Fi%3E%22%2C%22social_url%22%3A%22%23%22%7D%2C%7B%22social_icon%22%3A%22%3Ci%20class%3D%5C%22fab%20fa-instagram%5C%22%3E%3C%2Fi%3E%22%2C%22social_url%22%3A%22%23%22%7D%5D&#8221;][\/vc_column_inner][vc_column_inner width=&#8221;1\/5&#8243;][ts_team_members member_name=&#8221;Gur\u00fa Jaloma&#8221; title=&#8221;COMMUNITY EXPERT&#8221; member=&#8221;430&#8243; social_link1=&#8221;#&#8221; social_media1=&#8221;fab fa-facebook-f&#8221; social_link2=&#8221;#&#8221; social_media2=&#8221;fab fa-twitter&#8221; social_link3=&#8221;#&#8221; social_media3=&#8221;fab fa-linkedin&#8221; details=&#8221;%5B%7B%22social_icon%22%3A%22%3Ci%20class%3D%5C%22fab%20fa-behance%5C%22%3E%3C%2Fi%3E%22%2C%22social_url%22%3A%22%23%22%7D%2C%7B%22social_icon%22%3A%22%3Ci%20class%3D%5C%22fab%20fa-youtube%5C%22%3E%3C%2Fi%3E%22%2C%22social_url%22%3A%22%23%22%7D%2C%7B%22social_icon%22%3A%22%3Ci%20class%3D%5C%22fab%20fa-dribbble%5C%22%3E%3C%2Fi%3E%22%2C%22social_url%22%3A%22%23%22%7D%5D&#8221;][\/vc_column_inner][\/vc_row_inner][\/vc_column][\/vc_row][vc_row content_placement=&#8221;middle&#8221; use_container=&#8221;yes&#8221; css=&#8221;.vc_custom_1627437948471{margin-top: 100px !important;}&#8221;][vc_column width=&#8221;1\/3&#8243;][ts_section_title title=&#8221;ELLOS<br \/>\nMARCARON<br \/>\nDIFERENCIA&#8221;][\/vc_column][vc_column width=&#8221;7\/12&#8243; offset=&#8221;vc_col-lg-offset-1&#8243;][vc_row_inner el_class=&#8221;clients-spacing&#8221;][vc_column_inner width=&#8221;1\/3&#8243; offset=&#8221;vc_col-xs-4&#8243;][ts_client logo=&#8221;487&#8243;][\/vc_column_inner][vc_column_inner width=&#8221;1\/3&#8243; offset=&#8221;vc_col-xs-4&#8243;][ts_client logo=&#8221;488&#8243;][\/vc_column_inner][vc_column_inner width=&#8221;1\/3&#8243; offset=&#8221;vc_col-xs-4&#8243;][ts_client logo=&#8221;489&#8243;][\/vc_column_inner][\/vc_row_inner][vc_row_inner el_class=&#8221;clients-spacing&#8221;][vc_column_inner width=&#8221;1\/3&#8243; offset=&#8221;vc_col-xs-4&#8243;][ts_client logo=&#8221;490&#8243;][\/vc_column_inner][vc_column_inner width=&#8221;1\/3&#8243; offset=&#8221;vc_col-xs-4&#8243;][ts_client logo=&#8221;491&#8243;][\/vc_column_inner][vc_column_inner width=&#8221;1\/3&#8243; offset=&#8221;vc_col-xs-4&#8243;][ts_client logo=&#8221;492&#8243;][\/vc_column_inner][\/vc_row_inner][vc_row_inner el_class=&#8221;clients-spacing&#8221;][vc_column_inner width=&#8221;1\/3&#8243; offset=&#8221;vc_col-xs-4&#8243;][ts_client logo=&#8221;493&#8243;][\/vc_column_inner][vc_column_inner width=&#8221;1\/3&#8243; offset=&#8221;vc_col-xs-4&#8243;][ts_client logo=&#8221;494&#8243;][\/vc_column_inner][vc_column_inner width=&#8221;1\/3&#8243; offset=&#8221;vc_col-xs-4&#8243;][ts_client logo=&#8221;495&#8243;][\/vc_column_inner][\/vc_row_inner][\/vc_column][\/vc_row][vc_row][vc_column][\/vc_column][\/vc_row]<\/p>\n","protected":false},"excerpt":{"rendered":"<p>[vc_row use_container=&#8221;yes&#8221;][vc_column][vc_row_inner css=&#8221;.vc_custom_1583659272991{margin-bottom: 75px !important;}&#8221;][vc_column_inner width=&#8221;3\/4&#8243;][ts_section_title title=&#8221;TU \u00c9XITO ES NUESTRA PASI\u00d3N&#8221; tagline=&#8221;Es momento que pienses en tu negocio, pero m\u00e1s grande. Nosotros te ayudamos de manera digital, explotando tus fortalezas para volver tu negocio m\u00e1s seductor.&#8221;][\/vc_column_inner][\/vc_row_inner][vc_row_inner css=&#8221;.vc_custom_1583660011361{margin-bottom: 100px !important;}&#8221;][vc_column_inner width=&#8221;1\/5&#8243;][ts_process_content index=&#8221;01&#8243; title=&#8221;DIFERENCIAR&#8221; description=&#8221;Generamos ventaja sobre tu competencia, aprovechando tus fortalezas.&#8221;][\/vc_column_inner][vc_column_inner width=&#8221;1\/5&#8243;][ts_process_content index=&#8221;02&#8243; title=&#8221;EVOLUCIONAR&#8221; description=&#8221;Tu negocio [&hellip;]<\/p>\n","protected":false},"author":1,"featured_media":0,"parent":0,"menu_order":0,"comment_status":"closed","ping_status":"closed","template":"page-builder.php","meta":{"footnotes":""},"class_list":["post-19","page","type-page","status-publish","hentry"],"_links":{"self":[{"href":"https:\/\/gururojo.com\/index.php\/wp-json\/wp\/v2\/pages\/19","targetHints":{"allow":["GET"]}}],"collection":[{"href":"https:\/\/gururojo.com\/index.php\/wp-json\/wp\/v2\/pages"}],"about":[{"href":"https:\/\/gururojo.com\/index.php\/wp-json\/wp\/v2\/types\/page"}],"author":[{"embeddable":true,"href":"https:\/\/gururojo.com\/index.php\/wp-json\/wp\/v2\/users\/1"}],"replies":[{"embeddable":true,"href":"https:\/\/gururojo.com\/index.php\/wp-json\/wp\/v2\/comments?post=19"}],"version-history":[{"count":37,"href":"https:\/\/gururojo.com\/index.php\/wp-json\/wp\/v2\/pages\/19\/revisions"}],"predecessor-version":[{"id":523,"href":"https:\/\/gururojo.com\/index.php\/wp-json\/wp\/v2\/pages\/19\/revisions\/523"}],"wp:attachment":[{"href":"https:\/\/gururojo.com\/index.php\/wp-json\/wp\/v2\/media?parent=19"}],"curies":[{"name":"wp","href":"https:\/\/api.w.org\/{rel}","templated":true}]}}